{"id":673,"date":"2016-07-20T18:33:43","date_gmt":"2016-07-20T18:33:43","guid":{"rendered":"https:\/\/globalboston.bc.edu\/?page_id=673"},"modified":"2023-11-15T16:45:53","modified_gmt":"2023-11-15T16:45:53","slug":"cape-verdeans","status":"publish","type":"page","link":"https:\/\/globalboston.bc.edu\/index.php\/home\/ethnic-groups\/cape-verdeans\/","title":{"rendered":"Cape Verdeans"},"content":{"rendered":"<div class=\"wpb-content-wrapper\">[vc_row][vc_column][vc_column_text css=&#8221;.vc_custom_1469556436368{margin-top: -40px !important;border-top-width: 0px !important;border-bottom-width: 10px !important;padding-top: 15px !important;padding-right: 15px !important;padding-bottom: 15px !important;padding-left: 15px !important;background-color: #ffffff !important;}&#8221;]\n<p style=\"text-align: center;\"><em>Cape Verdean\u00a0Student Association of Boston College celebrating\u00a0publication of a new\u00a0Cape Verdean Kreyol-English dictionary, 2016. Courtesy of Daija Carvalho\/Mili-Mila.com.<\/em><\/p>\n[\/vc_column_text]<style>.vcex-heading.vcex_69d13e61eb3ca{font-size:36px;font-weight:600;}<\/style><div class=\"vcex-heading vcex-heading-plain vcex-module wpex-heading wpex-text-2xl vc_custom_1469040182036 vcex_69d13e61eb3ca\"><span class=\"vcex-heading-inner wpex-inline-block\">Cape Verdeans<\/span><\/div>[vc_column_text css=&#8221;.vc_custom_1657818369847{padding-right: 30px !important;padding-bottom: 30px !important;padding-left: 30px !important;background-color: #ffffff !important;}&#8221;]Settled by Portuguese in the mid-fifteenth century, the Cape Verde archipelago consists of ten arid islands off the coast of Senegal in West Africa. As the Portuguese imported slave labor from the mainland, the islands soon became a center of the slave trade and a provisioning point for ships traveling along the African coast. In the mid-nineteenth century, severe drought conditions and poverty drove many former slaves and mixed-race Cape Verdeans to seek work on whaling ships plying the Atlantic. Some later settled in the whaling port of New Bedford, setting in motion a migrant stream to southeastern Massachusetts that peaked between 1890 and 1921. Coming mainly from the islands of Brava and Fogo, the early migrants were disproportionately male, often migrating seasonally on packet ships run by Cape Verdean companies.<\/p>\n<figure id=\"attachment_676\" aria-describedby=\"caption-attachment-676\" style=\"width: 514px\" class=\"wp-caption alignright\"><img loading=\"lazy\" decoding=\"async\" class=\" wp-image-676\" src=\"https:\/\/globalboston.bc.edu\/wp-content\/uploads\/2016\/07\/Old_postcard_SaoVicente1.jpg\" alt=\"Postcard showing the Cape Verdean island of Sa\u00f5 Vincente, early 20th century. \" width=\"514\" height=\"330\" srcset=\"https:\/\/globalboston.bc.edu\/wp-content\/uploads\/2016\/07\/Old_postcard_SaoVicente1.jpg 423w, https:\/\/globalboston.bc.edu\/wp-content\/uploads\/2016\/07\/Old_postcard_SaoVicente1-300x192.jpg 300w\" sizes=\"auto, (max-width: 514px) 100vw, 514px\" \/><figcaption id=\"caption-attachment-676\" class=\"wp-caption-text\">Postcard showing the Cape Verdean island of Sa\u00f5 Vincente, early 20th century.<\/figcaption><\/figure>\n<p>Migration declined dramatically in the early 1920s under US immigration restriction and tight Portuguese controls on Cape Verdean emigration. Even after passage of the 1965 Immigration Act, emigration rates remained low; it was not until the Republic of Cape Verde won its independence in 1975 that foreign visas became more widely accessible. By the 1980s, Cape Verdeans would be migrating across Europe, Brazil, and the US, but particularly to New England, which was well known because of its historic connections to the islands.<\/p>\n<p>The new immigrants differed in many ways from the old. Their island origins have been more diverse\u2014they come not only from Brava and Fogo but also from Sa\u00f5 Tiago, Sa\u00f5 Vicente, and Sa\u00f5 Nicolau. The gender ratio of the new wave has been much more balanced, and the newcomers also include the more prosperous and educated as well as the poor.<\/p>\n<p><strong>Settlement<\/strong><\/p>\n<p>During the first wave of migration, most Cape Verdeans settled in New Bedford, as well as in adjacent areas of southeastern Massachusetts and Rhode Island. Over the course of the twentieth century, a small migrant community developed in Boston, but most of the city\u2019s Cape Verdean population has arrived since 1975. Coming earlier than other African national groups (who mainly arrived after 1990), Cape Verdeans are the city\u2019s largest African group and the sixth largest foreign-born group overall. Constrained by racial discrimination and segregation, Cape Verdeans have settled in predominantly black and Latino areas of Roxbury and Dorchester, especially in the area between Dudley Square and Upham\u2019s Corner. The city of Brockton, an older industrial city located between Boston and New Bedford, has been another key settlement area, with Cape Verdeans making up roughly a third of the city\u2019s foreign-born population in 2014.<\/p>\n<p><strong>Work<\/strong><\/p>\n<p>With the decline of whaling in the late nineteenth century, Cape Verdean immigrants moved into maritime jobs on the docks and on merchant ships, as well as doing seasonal agricultural work picking cranberries in southeastern Massachusetts. A smaller number found work in New Bedford&#8217;s textile mills, but usually in less desirable, lower-paying positions.<\/p>\n<p>The second wave of Cape Verdean arrivals also initially found work in factories in the Boston and Brockton areas, but gradually moved into the service industries as manufacturing plants closed down. Although Cape Verdean immigrants have not been known for occupying particular employment niches, they have developed a vibrant small business sector of restaurants, groceries, real estate and insurance offices, and other enterprises. In recent years, the second generation has also been moving into professional, managerial, and civil service occupations.<\/p>\n<p><a href=\"https:\/\/globalboston.bc.edu\/index.php\/home\/bibliography\/#cv\" target=\"_blank\" rel=\"noopener noreferrer\"><strong>Sources and Further Reading<\/strong><\/a>[\/vc_column_text][\/vc_column][\/vc_row][vc_row][vc_column width=&#8221;1\/2&#8243;]<style>.vcex-teaser.vcex_69d13e61ebc2d .vcex-teaser-heading{color:#494949;}<\/style><div class=\"vcex-module vcex-teaser wpex-flex wpex-flex-col vc_custom_1700066744844 vcex_69d13e61ebc2d\"><div class=\"vcex-teaser-media wpex-mb-20 wpex-text-center\"><a href=\"http:\/\/www.bostonredevelopmentauthority.org\/getattachment\/3cd0d613-28e7-4711-a74a-4978191a735a\" class=\"wpex-no-underline\"><img width=\"300\" height=\"388\" src=\"https:\/\/globalboston.bc.edu\/wp-content\/uploads\/2016\/07\/Cape_Verde_cover-e1475264473632.jpg\" class=\"wpex-align-middle\" alt=\"\" loading=\"lazy\" decoding=\"async\" \/><\/a><\/div><div class=\"vcex-teaser-content\"><h2 class=\"vcex-teaser-heading wpex-heading wpex-text-lg wpex-child-inherit-color\"><a href=\"http:\/\/www.bostonredevelopmentauthority.org\/getattachment\/3cd0d613-28e7-4711-a74a-4978191a735a\" class=\"wpex-no-underline\">Cape Verdean Demographics<\/a><\/h2><div class=\"vcex-teaser-text wpex-mt-10 wpex-last-mb-0 wpex-clr\"><p>Check out the latest demographic data on Cape Verdeans\u00a0in the city of Boston, prepared by the Boston Redevelopment Authority and the Mayor&#8217;s Office of Immigrant Advancement.<\/p>\n<\/div><\/div><\/div>[\/vc_column][vc_column width=&#8221;1\/2&#8243;]<style>.vcex-teaser.vcex_69d13e61ec5cf .vcex-teaser-heading{color:#494949;}<\/style><div class=\"vcex-module vcex-teaser wpex-flex wpex-flex-col vc_custom_1700066732161 vcex_69d13e61ec5cf\"><div class=\"vcex-teaser-media wpex-mb-20\"><a href=\"http:\/\/globalboston.bc.edu\/index.php\/home\/ethnic-groups\/cape-verdeans\/welcoming-the-diaspora-restaurant-cesaria\/\" class=\"wpex-no-underline\" title=\"Welcoming the Diaspora: Restaurant Cesaria\" target=\"_blank\" rel=\"noopener noreferrer\"><img width=\"1200\" height=\"630\" src=\"https:\/\/globalboston.bc.edu\/wp-content\/uploads\/2019\/04\/Cesaria_Staff.jpg\" class=\"wpex-align-middle\" alt=\"A photograph of the owners and staff of the Cesaria restaurant, six women and nine men. The group smiles before the camera with the interior of the restaurant in the background.\" loading=\"lazy\" decoding=\"async\" srcset=\"https:\/\/globalboston.bc.edu\/wp-content\/uploads\/2019\/04\/Cesaria_Staff.jpg 1200w, https:\/\/globalboston.bc.edu\/wp-content\/uploads\/2019\/04\/Cesaria_Staff-300x158.jpg 300w, https:\/\/globalboston.bc.edu\/wp-content\/uploads\/2019\/04\/Cesaria_Staff-768x403.jpg 768w, https:\/\/globalboston.bc.edu\/wp-content\/uploads\/2019\/04\/Cesaria_Staff-1024x538.jpg 1024w\" sizes=\"auto, (max-width: 1200px) 100vw, 1200px\" \/><\/a><\/div><div class=\"vcex-teaser-content\"><h2 class=\"vcex-teaser-heading wpex-heading wpex-text-lg wpex-child-inherit-color\"><a href=\"http:\/\/globalboston.bc.edu\/index.php\/home\/ethnic-groups\/cape-verdeans\/welcoming-the-diaspora-restaurant-cesaria\/\" class=\"wpex-no-underline\" title=\"Welcoming the Diaspora: Restaurant Cesaria\" target=\"_blank\" rel=\"noopener noreferrer\">Welcoming the Diaspora: Restaurante Cesaria<\/a><\/h2><div class=\"vcex-teaser-text wpex-mt-10 wpex-last-mb-0 wpex-clr\"><p>Established in 2002, Restaurante Cesaria is one of the oldest Cape Verdean restaurants in Boston and a pillar of the local and global Cape Verdean community.<\/p>\n<\/div><\/div><\/div>[\/vc_column][\/vc_row][vc_row][vc_column][vc_btn title=&#8221;Return to Ethnic Groups&#8221; style=&#8221;3d&#8221; color=&#8221;inverse&#8221; align=&#8221;center&#8221; link=&#8221;url:http%3A%2F%2Fglobalboston.bc.edu%2Findex.php%2Fhome%2Fethnic-groups%2F||&#8221;][\/vc_column][\/vc_row]\n<\/div>","protected":false},"excerpt":{"rendered":"<p>[vc_row][vc_column][vc_column_text css=&#8221;.vc_custom_1469556436368{margin-top: -40px !important;border-top-width: 0px !important;border-bottom-width: 10px !important;padding-top: 15px !important;padding-right: 15px !important;padding-bottom: 15px !important;padding-left: 15px !important;background-color: #ffffff !important;}&#8221;] Cape Verdean\u00a0Student Association of Boston College celebrating\u00a0publication of a new\u00a0Cape Verdean Kreyol-English dictionary, 2016. Courtesy of Daija Carvalho\/Mili-Mila.com. [\/vc_column_text][vc_column_text css=&#8221;.vc_custom_1657818369847{padding-right: 30px !important;padding-bottom: 30px !important;padding-left: 30px !important;background-color: #ffffff !important;}&#8221;]Settled by Portuguese in the mid-fifteenth century, the Cape Verde&hellip;<\/p>\n","protected":false},"author":4,"featured_media":679,"parent":151,"menu_order":0,"comment_status":"closed","ping_status":"closed","template":"","meta":{"_monsterinsights_skip_tracking":false,"_monsterinsights_sitenote_active":false,"_monsterinsights_sitenote_note":"","_monsterinsights_sitenote_category":0,"footnotes":""},"categories":[],"tags":[],"class_list":["post-673","page","type-page","status-publish","has-post-thumbnail","hentry","entry","has-media"],"yoast_head":"<!-- This site is optimized with the Yoast SEO plugin v26.8 - https:\/\/yoast.com\/product\/yoast-seo-wordpress\/ -->\n<title>Cape Verdeans - Global Boston<\/title>\n<meta name=\"robots\" content=\"index, follow, max-snippet:-1, max-image-preview:large, max-video-preview:-1\" \/>\n<link rel=\"canonical\" href=\"https:\/\/globalboston.bc.edu\/index.php\/home\/ethnic-groups\/cape-verdeans\/\" \/>\n<meta property=\"og:locale\" content=\"en_US\" \/>\n<meta property=\"og:type\" content=\"article\" \/>\n<meta property=\"og:title\" content=\"Cape Verdeans - Global Boston\" \/>\n<meta property=\"og:description\" content=\"[vc_row][vc_column][vc_column_text css=&#8221;.vc_custom_1469556436368{margin-top: -40px !important;border-top-width: 0px !important;border-bottom-width: 10px !important;padding-top: 15px !important;padding-right: 15px !important;padding-bottom: 15px !important;padding-left: 15px !important;background-color: #ffffff !important;}&#8221;] Cape Verdean\u00a0Student Association of Boston College celebrating\u00a0publication of a new\u00a0Cape Verdean Kreyol-English dictionary, 2016. Courtesy of Daija Carvalho\/Mili-Mila.com. [\/vc_column_text][vc_column_text css=&#8221;.vc_custom_1657818369847{padding-right: 30px !important;padding-bottom: 30px !important;padding-left: 30px !important;background-color: #ffffff !important;}&#8221;]Settled by Portuguese in the mid-fifteenth century, the Cape Verde&hellip;\" \/>\n<meta property=\"og:url\" content=\"https:\/\/globalboston.bc.edu\/index.php\/home\/ethnic-groups\/cape-verdeans\/\" \/>\n<meta property=\"og:site_name\" content=\"Global Boston\" \/>\n<meta property=\"article:publisher\" content=\"https:\/\/www.facebook.com\/GlobalBostonHistory\/\" \/>\n<meta property=\"article:modified_time\" content=\"2023-11-15T16:45:53+00:00\" \/>\n<meta property=\"og:image\" content=\"http:\/\/globalboston.bc.edu\/wp-content\/uploads\/2016\/07\/static1.squarespace.png\" \/>\n\t<meta property=\"og:image:width\" content=\"993\" \/>\n\t<meta property=\"og:image:height\" content=\"658\" \/>\n\t<meta property=\"og:image:type\" content=\"image\/png\" \/>\n<meta name=\"twitter:card\" content=\"summary_large_image\" \/>\n<meta name=\"twitter:site\" content=\"@johnsohi\" \/>\n<meta name=\"twitter:label1\" content=\"Est. reading time\" \/>\n\t<meta name=\"twitter:data1\" content=\"5 minutes\" \/>\n<script type=\"application\/ld+json\" class=\"yoast-schema-graph\">{\"@context\":\"https:\/\/schema.org\",\"@graph\":[{\"@type\":\"WebPage\",\"@id\":\"https:\/\/globalboston.bc.edu\/index.php\/home\/ethnic-groups\/cape-verdeans\/\",\"url\":\"https:\/\/globalboston.bc.edu\/index.php\/home\/ethnic-groups\/cape-verdeans\/\",\"name\":\"Cape Verdeans - Global Boston\",\"isPartOf\":{\"@id\":\"https:\/\/globalboston.bc.edu\/#website\"},\"primaryImageOfPage\":{\"@id\":\"https:\/\/globalboston.bc.edu\/index.php\/home\/ethnic-groups\/cape-verdeans\/#primaryimage\"},\"image\":{\"@id\":\"https:\/\/globalboston.bc.edu\/index.php\/home\/ethnic-groups\/cape-verdeans\/#primaryimage\"},\"thumbnailUrl\":\"https:\/\/globalboston.bc.edu\/wp-content\/uploads\/2016\/07\/static1.squarespace.png\",\"datePublished\":\"2016-07-20T18:33:43+00:00\",\"dateModified\":\"2023-11-15T16:45:53+00:00\",\"breadcrumb\":{\"@id\":\"https:\/\/globalboston.bc.edu\/index.php\/home\/ethnic-groups\/cape-verdeans\/#breadcrumb\"},\"inLanguage\":\"en-US\",\"potentialAction\":[{\"@type\":\"ReadAction\",\"target\":[\"https:\/\/globalboston.bc.edu\/index.php\/home\/ethnic-groups\/cape-verdeans\/\"]}]},{\"@type\":\"ImageObject\",\"inLanguage\":\"en-US\",\"@id\":\"https:\/\/globalboston.bc.edu\/index.php\/home\/ethnic-groups\/cape-verdeans\/#primaryimage\",\"url\":\"https:\/\/globalboston.bc.edu\/wp-content\/uploads\/2016\/07\/static1.squarespace.png\",\"contentUrl\":\"https:\/\/globalboston.bc.edu\/wp-content\/uploads\/2016\/07\/static1.squarespace.png\",\"width\":993,\"height\":658},{\"@type\":\"BreadcrumbList\",\"@id\":\"https:\/\/globalboston.bc.edu\/index.php\/home\/ethnic-groups\/cape-verdeans\/#breadcrumb\",\"itemListElement\":[{\"@type\":\"ListItem\",\"position\":1,\"name\":\"Home\",\"item\":\"https:\/\/globalboston.bc.edu\/\"},{\"@type\":\"ListItem\",\"position\":2,\"name\":\"Ethnic Groups\",\"item\":\"https:\/\/globalboston.bc.edu\/index.php\/home\/ethnic-groups\/\"},{\"@type\":\"ListItem\",\"position\":3,\"name\":\"Cape Verdeans\"}]},{\"@type\":\"WebSite\",\"@id\":\"https:\/\/globalboston.bc.edu\/#website\",\"url\":\"https:\/\/globalboston.bc.edu\/\",\"name\":\"Global Boston\",\"description\":\"\",\"publisher\":{\"@id\":\"https:\/\/globalboston.bc.edu\/#organization\"},\"potentialAction\":[{\"@type\":\"SearchAction\",\"target\":{\"@type\":\"EntryPoint\",\"urlTemplate\":\"https:\/\/globalboston.bc.edu\/?s={search_term_string}\"},\"query-input\":{\"@type\":\"PropertyValueSpecification\",\"valueRequired\":true,\"valueName\":\"search_term_string\"}}],\"inLanguage\":\"en-US\"},{\"@type\":\"Organization\",\"@id\":\"https:\/\/globalboston.bc.edu\/#organization\",\"name\":\"Global Boston\",\"url\":\"https:\/\/globalboston.bc.edu\/\",\"logo\":{\"@type\":\"ImageObject\",\"inLanguage\":\"en-US\",\"@id\":\"https:\/\/globalboston.bc.edu\/#\/schema\/logo\/image\/\",\"url\":\"https:\/\/globalboston.bc.edu\/wp-content\/uploads\/2025\/02\/06_01_012688_edited-1.jpg\",\"contentUrl\":\"https:\/\/globalboston.bc.edu\/wp-content\/uploads\/2025\/02\/06_01_012688_edited-1.jpg\",\"width\":1956,\"height\":900,\"caption\":\"Global Boston\"},\"image\":{\"@id\":\"https:\/\/globalboston.bc.edu\/#\/schema\/logo\/image\/\"},\"sameAs\":[\"https:\/\/www.facebook.com\/GlobalBostonHistory\/\",\"https:\/\/x.com\/johnsohi\"]}]}<\/script>\n<!-- \/ Yoast SEO plugin. -->","yoast_head_json":{"title":"Cape Verdeans - Global Boston","robots":{"index":"index","follow":"follow","max-snippet":"max-snippet:-1","max-image-preview":"max-image-preview:large","max-video-preview":"max-video-preview:-1"},"canonical":"https:\/\/globalboston.bc.edu\/index.php\/home\/ethnic-groups\/cape-verdeans\/","og_locale":"en_US","og_type":"article","og_title":"Cape Verdeans - Global Boston","og_description":"[vc_row][vc_column][vc_column_text css=&#8221;.vc_custom_1469556436368{margin-top: -40px !important;border-top-width: 0px !important;border-bottom-width: 10px !important;padding-top: 15px !important;padding-right: 15px !important;padding-bottom: 15px !important;padding-left: 15px !important;background-color: #ffffff !important;}&#8221;] Cape Verdean\u00a0Student Association of Boston College celebrating\u00a0publication of a new\u00a0Cape Verdean Kreyol-English dictionary, 2016. Courtesy of Daija Carvalho\/Mili-Mila.com. [\/vc_column_text][vc_column_text css=&#8221;.vc_custom_1657818369847{padding-right: 30px !important;padding-bottom: 30px !important;padding-left: 30px !important;background-color: #ffffff !important;}&#8221;]Settled by Portuguese in the mid-fifteenth century, the Cape Verde&hellip;","og_url":"https:\/\/globalboston.bc.edu\/index.php\/home\/ethnic-groups\/cape-verdeans\/","og_site_name":"Global Boston","article_publisher":"https:\/\/www.facebook.com\/GlobalBostonHistory\/","article_modified_time":"2023-11-15T16:45:53+00:00","og_image":[{"width":993,"height":658,"url":"http:\/\/globalboston.bc.edu\/wp-content\/uploads\/2016\/07\/static1.squarespace.png","type":"image\/png"}],"twitter_card":"summary_large_image","twitter_site":"@johnsohi","twitter_misc":{"Est. reading time":"5 minutes"},"schema":{"@context":"https:\/\/schema.org","@graph":[{"@type":"WebPage","@id":"https:\/\/globalboston.bc.edu\/index.php\/home\/ethnic-groups\/cape-verdeans\/","url":"https:\/\/globalboston.bc.edu\/index.php\/home\/ethnic-groups\/cape-verdeans\/","name":"Cape Verdeans - Global Boston","isPartOf":{"@id":"https:\/\/globalboston.bc.edu\/#website"},"primaryImageOfPage":{"@id":"https:\/\/globalboston.bc.edu\/index.php\/home\/ethnic-groups\/cape-verdeans\/#primaryimage"},"image":{"@id":"https:\/\/globalboston.bc.edu\/index.php\/home\/ethnic-groups\/cape-verdeans\/#primaryimage"},"thumbnailUrl":"https:\/\/globalboston.bc.edu\/wp-content\/uploads\/2016\/07\/static1.squarespace.png","datePublished":"2016-07-20T18:33:43+00:00","dateModified":"2023-11-15T16:45:53+00:00","breadcrumb":{"@id":"https:\/\/globalboston.bc.edu\/index.php\/home\/ethnic-groups\/cape-verdeans\/#breadcrumb"},"inLanguage":"en-US","potentialAction":[{"@type":"ReadAction","target":["https:\/\/globalboston.bc.edu\/index.php\/home\/ethnic-groups\/cape-verdeans\/"]}]},{"@type":"ImageObject","inLanguage":"en-US","@id":"https:\/\/globalboston.bc.edu\/index.php\/home\/ethnic-groups\/cape-verdeans\/#primaryimage","url":"https:\/\/globalboston.bc.edu\/wp-content\/uploads\/2016\/07\/static1.squarespace.png","contentUrl":"https:\/\/globalboston.bc.edu\/wp-content\/uploads\/2016\/07\/static1.squarespace.png","width":993,"height":658},{"@type":"BreadcrumbList","@id":"https:\/\/globalboston.bc.edu\/index.php\/home\/ethnic-groups\/cape-verdeans\/#breadcrumb","itemListElement":[{"@type":"ListItem","position":1,"name":"Home","item":"https:\/\/globalboston.bc.edu\/"},{"@type":"ListItem","position":2,"name":"Ethnic Groups","item":"https:\/\/globalboston.bc.edu\/index.php\/home\/ethnic-groups\/"},{"@type":"ListItem","position":3,"name":"Cape Verdeans"}]},{"@type":"WebSite","@id":"https:\/\/globalboston.bc.edu\/#website","url":"https:\/\/globalboston.bc.edu\/","name":"Global Boston","description":"","publisher":{"@id":"https:\/\/globalboston.bc.edu\/#organization"},"potentialAction":[{"@type":"SearchAction","target":{"@type":"EntryPoint","urlTemplate":"https:\/\/globalboston.bc.edu\/?s={search_term_string}"},"query-input":{"@type":"PropertyValueSpecification","valueRequired":true,"valueName":"search_term_string"}}],"inLanguage":"en-US"},{"@type":"Organization","@id":"https:\/\/globalboston.bc.edu\/#organization","name":"Global Boston","url":"https:\/\/globalboston.bc.edu\/","logo":{"@type":"ImageObject","inLanguage":"en-US","@id":"https:\/\/globalboston.bc.edu\/#\/schema\/logo\/image\/","url":"https:\/\/globalboston.bc.edu\/wp-content\/uploads\/2025\/02\/06_01_012688_edited-1.jpg","contentUrl":"https:\/\/globalboston.bc.edu\/wp-content\/uploads\/2025\/02\/06_01_012688_edited-1.jpg","width":1956,"height":900,"caption":"Global Boston"},"image":{"@id":"https:\/\/globalboston.bc.edu\/#\/schema\/logo\/image\/"},"sameAs":["https:\/\/www.facebook.com\/GlobalBostonHistory\/","https:\/\/x.com\/johnsohi"]}]}},"_links":{"self":[{"href":"https:\/\/globalboston.bc.edu\/index.php\/wp-json\/wp\/v2\/pages\/673","targetHints":{"allow":["GET"]}}],"collection":[{"href":"https:\/\/globalboston.bc.edu\/index.php\/wp-json\/wp\/v2\/pages"}],"about":[{"href":"https:\/\/globalboston.bc.edu\/index.php\/wp-json\/wp\/v2\/types\/page"}],"author":[{"embeddable":true,"href":"https:\/\/globalboston.bc.edu\/index.php\/wp-json\/wp\/v2\/users\/4"}],"replies":[{"embeddable":true,"href":"https:\/\/globalboston.bc.edu\/index.php\/wp-json\/wp\/v2\/comments?post=673"}],"version-history":[{"count":13,"href":"https:\/\/globalboston.bc.edu\/index.php\/wp-json\/wp\/v2\/pages\/673\/revisions"}],"predecessor-version":[{"id":22742,"href":"https:\/\/globalboston.bc.edu\/index.php\/wp-json\/wp\/v2\/pages\/673\/revisions\/22742"}],"up":[{"embeddable":true,"href":"https:\/\/globalboston.bc.edu\/index.php\/wp-json\/wp\/v2\/pages\/151"}],"wp:featuredmedia":[{"embeddable":true,"href":"https:\/\/globalboston.bc.edu\/index.php\/wp-json\/wp\/v2\/media\/679"}],"wp:attachment":[{"href":"https:\/\/globalboston.bc.edu\/index.php\/wp-json\/wp\/v2\/media?parent=673"}],"wp:term":[{"taxonomy":"category","embeddable":true,"href":"https:\/\/globalboston.bc.edu\/index.php\/wp-json\/wp\/v2\/categories?post=673"},{"taxonomy":"post_tag","embeddable":true,"href":"https:\/\/globalboston.bc.edu\/index.php\/wp-json\/wp\/v2\/tags?post=673"}],"curies":[{"name":"wp","href":"https:\/\/api.w.org\/{rel}","templated":true}]}}