{"id":446,"date":"2016-05-27T14:11:50","date_gmt":"2016-05-27T14:11:50","guid":{"rendered":"https:\/\/globalboston.bc.edu\/?page_id=446"},"modified":"2023-12-21T17:57:05","modified_gmt":"2023-12-21T17:57:05","slug":"brazilians","status":"publish","type":"page","link":"https:\/\/globalboston.bc.edu\/index.php\/home\/ethnic-groups\/brazilians\/","title":{"rendered":"Brazilians"},"content":{"rendered":"<div class=\"wpb-content-wrapper\">[vc_row][vc_column][vc_column_text css=&#8221;.vc_custom_1464363233718{margin-top: -40px !important;border-top-width: 0px !important;border-bottom-width: 10px !important;padding-top: 15px !important;padding-bottom: 15px !important;background-color: #ffffff !important;}&#8221;]\n<p style=\"text-align: center;\"><em>Brazilian fans watching the World Cup at the Tropical Cafe in Framingham, June 2014. Courtesy of the Milford Daily News.<\/em><\/p>\n[\/vc_column_text]<style>.vcex-heading.vcex_69e874d272b0d{font-size:36px;}<\/style><div class=\"vcex-heading vcex-heading-plain vcex-module wpex-heading wpex-text-2xl vc_custom_1464358366868 vcex_69e874d272b0d\"><span class=\"vcex-heading-inner wpex-inline-block\">Brazilians<\/span><\/div>[vc_column_text css=&#8221;.vc_custom_1486682432340{padding-right: 30px !important;padding-bottom: 30px !important;padding-left: 30px !important;background-color: #ffffff !important;}&#8221;]In recent years, greater Boston has attracted more Brazilian immigrants than any major metropolitan area in the country. Some of the earliest arrivals came in the 1960s and 1970s, laying the groundwork for large-scale migration that began in the mid-1980s. Brazilians have been drawn to Massachusetts in part because of its historic Portuguese-speaking communities that helped facilitate settlement.<\/p>\n<figure id=\"attachment_450\" aria-describedby=\"caption-attachment-450\" style=\"width: 517px\" class=\"wp-caption alignright\"><a href=\"https:\/\/globalboston.bc.edu\/wp-content\/uploads\/2016\/05\/Brazilian-origins-map.png\" target=\"_blank\" rel=\"noopener\"><img loading=\"lazy\" decoding=\"async\" class=\"wp-image-450\" src=\"https:\/\/globalboston.bc.edu\/wp-content\/uploads\/2016\/05\/Brazilian-origins-map.png\" alt=\"From: Enrico Marcelli, et al., (In)Visible (Im)Migrants: The Health and Socioeconomic Integration of Brazilians in Metropolitan Boston, Center for Behavioral and Community Health Studies, San Diego State University, 2009.\" width=\"517\" height=\"403\" srcset=\"https:\/\/globalboston.bc.edu\/wp-content\/uploads\/2016\/05\/Brazilian-origins-map.png 839w, https:\/\/globalboston.bc.edu\/wp-content\/uploads\/2016\/05\/Brazilian-origins-map-300x234.png 300w, https:\/\/globalboston.bc.edu\/wp-content\/uploads\/2016\/05\/Brazilian-origins-map-768x599.png 768w\" sizes=\"auto, (max-width: 517px) 100vw, 517px\" \/><\/a><figcaption id=\"caption-attachment-450\" class=\"wp-caption-text\">From: Enrico Marcelli, et al., (In)Visible (Im)Migrants: The Health and Socioeconomic Integration of Brazilians in Metropolitan Boston, Center for Behavioral and Community Health Studies, San Diego State University, 2009.<\/figcaption><\/figure>\n<p>Early migrants came mainly from the state of Minas Gerais and particularly the city of Governador Valadares. Connections between this area and Massachusetts date back to World War II when Boston engineers and technicians were posted to Minas Gerais to work on the mining of sheet mica used to insulate radio tubes and detonators. Contacts between the Bostonians and the residents of Minas Gerais resulted in cultural exchanges that encouraged some Brazilians to come to Boston to attend school or find work. Later, migrants came from adjoining parts of southern Brazil, including the states of Esp\u00edrito Santo, S\u00e3o Paulo, Goi\u00e1s, Paran\u00e1, and Santa Catarina.<\/p>\n<p>The driving force fueling emigration in the 1980s was the collapse of the Brazilian economy due to rising international interest rates, growing debt, and an oil crisis. As Brazil repeatedly devalued its currency, massive inflation resulted. Hard-pressed Brazilians increasingly looked abroad for better paying jobs to help support their families. Many of those who came to greater Boston were from the middle class and had at least a high school education. But because of their relatively late arrival (many came too late to qualify for the amnesty program of 1986), a significant percentage was undocumented. During the Great Recession, many returned home as the Brazilian economy improved and used their savings to buy property or start small businesses. Nevertheless, greater Boston remains one of the top centers of Brazilian migration\u00a0in the country.<\/p>\n<p><strong>Settlement<\/strong><\/p>\n<p>Brazilians have tended to settle in places where there were substantial Portuguese population, churches, and other community institutions. Initially, Somerville, Framingham, and the Allston-Brighton neighborhood of Boston hosted the largest communities. By the end of the twentieth century, Everett, Malden and Marlborough had also attracted sizeable communities. By 2010, Framingham\u2019s Brazilian population had surpassed Boston\u2019s, making this metrowest community one of the most Brazilian places in the US and an official sister city of Goverador Valadares.\u00a0Many of the communities where Brazilians settled were older industrial centers where deindustrialization and outmigration had left vacant, relatively lower cost housing. As Brazilian immigrants bought homes and opened small businesses in the 1990s, the commercial areas were revitalized, as in downtown Framingham and Everett.<\/p>\n<p><strong>Work<\/strong><\/p>\n<p>Brazilians have been concentrated in construction and service fields but underrepresented among professional and managerial workers. In greater Boston, Brazilian men developed substantial self-employment niches in home construction and landscaping while women have been concentrated in house cleaning. For many educated, middle-class Brazilians, starting their own businesses was a means of combatting the downward mobility that some initially experienced because of their lack of English proficiency or US professional credentials. Family-owned businesses also helped support newly arrived family or friends or those without documentation. As their clientele grew, owners spun off new routes or sub-contracts to their countrymen and women, thus expanding the local Brazilian business sector.<\/p>\n<p><a href=\"http:\/\/globalboston.bc.edu\/index.php\/home\/bibliography\/#brazilians\">Sources and Further Reading<\/a>[\/vc_column_text][\/vc_column][\/vc_row][vc_row][vc_column width=&#8221;1\/3&#8243;]<style>.vcex-teaser.vcex_69e874d2737b6 .vcex-teaser-heading{color:#494949;}<\/style><div class=\"vcex-module vcex-teaser wpex-flex wpex-flex-col vc_custom_1703180480514 vcex_69e874d2737b6\"><div class=\"vcex-teaser-media wpex-mb-20 responsive-video-wrap\"><span class=\"wpex-responsive-media\"><iframe title=\"Boston&#039;s Brazilians Celebrate World Cup Like A National Holiday\" width=\"980\" height=\"551\" src=\"https:\/\/www.youtube.com\/embed\/E5x2pj23ZTI?start=25&feature=oembed\"  allow=\"accelerometer; autoplay; clipboard-write; encrypted-media; gyroscope; picture-in-picture; web-share\" referrerpolicy=\"strict-origin-when-cross-origin\" allowfullscreen><\/iframe><\/span><\/div><div class=\"vcex-teaser-content\"><h2 class=\"vcex-teaser-heading wpex-heading wpex-text-lg wpex-child-inherit-color\"><a href=\"https:\/\/youtu.be\/E5x2pj23ZTI?t=25s\" class=\"wpex-no-underline\" target=\"_blank\" rel=\"noopener noreferrer\">Futebol Mania<\/a><\/h2><div class=\"vcex-teaser-text wpex-mt-10 wpex-last-mb-0 wpex-clr\"><p>Brazilian immigrants in Boston have perhaps been most visible to their American neighbors during the World Cup soccer championships. Like other Bostonians, Brazilians are rabid fans of their beloved sport. In this segment by WGBH news, Brazilians in Everett and Somerville explain how they watched and celebrated their country&#8217;s bid for the World Cup in 2014.<\/p>\n<\/div><\/div><\/div>[\/vc_column][vc_column width=&#8221;1\/3&#8243;]<style>.vcex-teaser.vcex_69e874d2741d9 .vcex-teaser-heading{color:#494949;}<\/style><div class=\"vcex-module vcex-teaser wpex-flex wpex-flex-col vc_custom_1703180507017 vcex_69e874d2741d9\"><div class=\"vcex-teaser-media wpex-mb-20 wpex-text-center\"><a href=\"http:\/\/www.bostonplans.org\/getattachment\/ac4100df-475b-4aa8-b82c-f0f0b700337c\" class=\"wpex-no-underline\" target=\"_blank\" rel=\"noopener noreferrer\"><img width=\"300\" height=\"388\" src=\"https:\/\/globalboston.bc.edu\/wp-content\/uploads\/2016\/05\/Brazilians_cover-e1473896020465.jpg\" class=\"wpex-align-middle\" alt=\"\" loading=\"lazy\" decoding=\"async\" \/><\/a><\/div><div class=\"vcex-teaser-content\"><h2 class=\"vcex-teaser-heading wpex-heading wpex-text-lg wpex-child-inherit-color\"><a href=\"http:\/\/www.bostonplans.org\/getattachment\/ac4100df-475b-4aa8-b82c-f0f0b700337c\" class=\"wpex-no-underline\" target=\"_blank\" rel=\"noopener noreferrer\">Brazilian Demographics<\/a><\/h2><div class=\"vcex-teaser-text wpex-mt-10 wpex-last-mb-0 wpex-clr\"><p>Check out the latest demographic data on Brazilians\u00a0in the city of Boston, prepared by the Boston Redevelopment Authority and the Mayor&#8217;s Office of Immigrant Advancement.<\/p>\n<\/div><\/div><\/div>[\/vc_column][vc_column width=&#8221;1\/3&#8243;][\/vc_column][\/vc_row][vc_row][vc_column][vc_btn title=&#8221;Return to Ethnic Groups&#8221; style=&#8221;3d&#8221; color=&#8221;inverse&#8221; align=&#8221;center&#8221; link=&#8221;url:http%3A%2F%2Fglobalboston.bc.edu%2Findex.php%2Fhome%2Fethnic-groups%2F||&#8221;][\/vc_column][\/vc_row]\n<\/div>","protected":false},"excerpt":{"rendered":"<p>[vc_row][vc_column][vc_column_text css=&#8221;.vc_custom_1464363233718{margin-top: -40px !important;border-top-width: 0px !important;border-bottom-width: 10px !important;padding-top: 15px !important;padding-bottom: 15px !important;background-color: #ffffff !important;}&#8221;] Brazilian fans watching the World Cup at the Tropical Cafe in Framingham, June 2014. Courtesy of the Milford Daily News. [\/vc_column_text][vc_column_text css=&#8221;.vc_custom_1486682432340{padding-right: 30px !important;padding-bottom: 30px !important;padding-left: 30px !important;background-color: #ffffff !important;}&#8221;]In recent years, greater Boston has attracted more Brazilian immigrants than any&hellip;<\/p>\n","protected":false},"author":4,"featured_media":454,"parent":151,"menu_order":0,"comment_status":"closed","ping_status":"closed","template":"","meta":{"_monsterinsights_skip_tracking":false,"_monsterinsights_sitenote_active":false,"_monsterinsights_sitenote_note":"","_monsterinsights_sitenote_category":0,"footnotes":""},"categories":[],"tags":[],"class_list":["post-446","page","type-page","status-publish","has-post-thumbnail","hentry","entry","has-media"],"yoast_head":"<!-- This site is optimized with the Yoast SEO plugin v26.8 - https:\/\/yoast.com\/product\/yoast-seo-wordpress\/ -->\n<title>Brazilians - Global Boston<\/title>\n<meta name=\"robots\" content=\"index, follow, max-snippet:-1, max-image-preview:large, max-video-preview:-1\" \/>\n<link rel=\"canonical\" href=\"https:\/\/globalboston.bc.edu\/index.php\/home\/ethnic-groups\/brazilians\/\" \/>\n<meta property=\"og:locale\" content=\"en_US\" \/>\n<meta property=\"og:type\" content=\"article\" \/>\n<meta property=\"og:title\" content=\"Brazilians - Global Boston\" \/>\n<meta property=\"og:description\" content=\"[vc_row][vc_column][vc_column_text css=&#8221;.vc_custom_1464363233718{margin-top: -40px !important;border-top-width: 0px !important;border-bottom-width: 10px !important;padding-top: 15px !important;padding-bottom: 15px !important;background-color: #ffffff !important;}&#8221;] Brazilian fans watching the World Cup at the Tropical Cafe in Framingham, June 2014. Courtesy of the Milford Daily News. [\/vc_column_text][vc_column_text css=&#8221;.vc_custom_1486682432340{padding-right: 30px !important;padding-bottom: 30px !important;padding-left: 30px !important;background-color: #ffffff !important;}&#8221;]In recent years, greater Boston has attracted more Brazilian immigrants than any&hellip;\" \/>\n<meta property=\"og:url\" content=\"https:\/\/globalboston.bc.edu\/index.php\/home\/ethnic-groups\/brazilians\/\" \/>\n<meta property=\"og:site_name\" content=\"Global Boston\" \/>\n<meta property=\"article:publisher\" content=\"https:\/\/www.facebook.com\/GlobalBostonHistory\/\" \/>\n<meta property=\"article:modified_time\" content=\"2023-12-21T17:57:05+00:00\" \/>\n<meta property=\"og:image\" content=\"http:\/\/globalboston.bc.edu\/wp-content\/uploads\/2016\/05\/PH-617009985.jpg\" \/>\n\t<meta property=\"og:image:width\" content=\"2000\" \/>\n\t<meta property=\"og:image:height\" content=\"1276\" \/>\n\t<meta property=\"og:image:type\" content=\"image\/jpeg\" \/>\n<meta name=\"twitter:card\" content=\"summary_large_image\" \/>\n<meta name=\"twitter:site\" content=\"@johnsohi\" \/>\n<meta name=\"twitter:label1\" content=\"Est. reading time\" \/>\n\t<meta name=\"twitter:data1\" content=\"5 minutes\" \/>\n<script type=\"application\/ld+json\" class=\"yoast-schema-graph\">{\"@context\":\"https:\/\/schema.org\",\"@graph\":[{\"@type\":\"WebPage\",\"@id\":\"https:\/\/globalboston.bc.edu\/index.php\/home\/ethnic-groups\/brazilians\/\",\"url\":\"https:\/\/globalboston.bc.edu\/index.php\/home\/ethnic-groups\/brazilians\/\",\"name\":\"Brazilians - Global Boston\",\"isPartOf\":{\"@id\":\"https:\/\/globalboston.bc.edu\/#website\"},\"primaryImageOfPage\":{\"@id\":\"https:\/\/globalboston.bc.edu\/index.php\/home\/ethnic-groups\/brazilians\/#primaryimage\"},\"image\":{\"@id\":\"https:\/\/globalboston.bc.edu\/index.php\/home\/ethnic-groups\/brazilians\/#primaryimage\"},\"thumbnailUrl\":\"https:\/\/globalboston.bc.edu\/wp-content\/uploads\/2016\/05\/PH-617009985.jpg\",\"datePublished\":\"2016-05-27T14:11:50+00:00\",\"dateModified\":\"2023-12-21T17:57:05+00:00\",\"breadcrumb\":{\"@id\":\"https:\/\/globalboston.bc.edu\/index.php\/home\/ethnic-groups\/brazilians\/#breadcrumb\"},\"inLanguage\":\"en-US\",\"potentialAction\":[{\"@type\":\"ReadAction\",\"target\":[\"https:\/\/globalboston.bc.edu\/index.php\/home\/ethnic-groups\/brazilians\/\"]}]},{\"@type\":\"ImageObject\",\"inLanguage\":\"en-US\",\"@id\":\"https:\/\/globalboston.bc.edu\/index.php\/home\/ethnic-groups\/brazilians\/#primaryimage\",\"url\":\"https:\/\/globalboston.bc.edu\/wp-content\/uploads\/2016\/05\/PH-617009985.jpg\",\"contentUrl\":\"https:\/\/globalboston.bc.edu\/wp-content\/uploads\/2016\/05\/PH-617009985.jpg\",\"width\":2000,\"height\":1276,\"caption\":\"Brazilian fans watching the World Cup playoffs in the Tropical Cafe in Framingham, 2014. Courtesy of the Milford Daily News.\"},{\"@type\":\"BreadcrumbList\",\"@id\":\"https:\/\/globalboston.bc.edu\/index.php\/home\/ethnic-groups\/brazilians\/#breadcrumb\",\"itemListElement\":[{\"@type\":\"ListItem\",\"position\":1,\"name\":\"Home\",\"item\":\"https:\/\/globalboston.bc.edu\/\"},{\"@type\":\"ListItem\",\"position\":2,\"name\":\"Ethnic Groups\",\"item\":\"https:\/\/globalboston.bc.edu\/index.php\/home\/ethnic-groups\/\"},{\"@type\":\"ListItem\",\"position\":3,\"name\":\"Brazilians\"}]},{\"@type\":\"WebSite\",\"@id\":\"https:\/\/globalboston.bc.edu\/#website\",\"url\":\"https:\/\/globalboston.bc.edu\/\",\"name\":\"Global Boston\",\"description\":\"\",\"publisher\":{\"@id\":\"https:\/\/globalboston.bc.edu\/#organization\"},\"potentialAction\":[{\"@type\":\"SearchAction\",\"target\":{\"@type\":\"EntryPoint\",\"urlTemplate\":\"https:\/\/globalboston.bc.edu\/?s={search_term_string}\"},\"query-input\":{\"@type\":\"PropertyValueSpecification\",\"valueRequired\":true,\"valueName\":\"search_term_string\"}}],\"inLanguage\":\"en-US\"},{\"@type\":\"Organization\",\"@id\":\"https:\/\/globalboston.bc.edu\/#organization\",\"name\":\"Global Boston\",\"url\":\"https:\/\/globalboston.bc.edu\/\",\"logo\":{\"@type\":\"ImageObject\",\"inLanguage\":\"en-US\",\"@id\":\"https:\/\/globalboston.bc.edu\/#\/schema\/logo\/image\/\",\"url\":\"https:\/\/globalboston.bc.edu\/wp-content\/uploads\/2025\/02\/06_01_012688_edited-1.jpg\",\"contentUrl\":\"https:\/\/globalboston.bc.edu\/wp-content\/uploads\/2025\/02\/06_01_012688_edited-1.jpg\",\"width\":1956,\"height\":900,\"caption\":\"Global Boston\"},\"image\":{\"@id\":\"https:\/\/globalboston.bc.edu\/#\/schema\/logo\/image\/\"},\"sameAs\":[\"https:\/\/www.facebook.com\/GlobalBostonHistory\/\",\"https:\/\/x.com\/johnsohi\"]}]}<\/script>\n<!-- \/ Yoast SEO plugin. -->","yoast_head_json":{"title":"Brazilians - Global Boston","robots":{"index":"index","follow":"follow","max-snippet":"max-snippet:-1","max-image-preview":"max-image-preview:large","max-video-preview":"max-video-preview:-1"},"canonical":"https:\/\/globalboston.bc.edu\/index.php\/home\/ethnic-groups\/brazilians\/","og_locale":"en_US","og_type":"article","og_title":"Brazilians - Global Boston","og_description":"[vc_row][vc_column][vc_column_text css=&#8221;.vc_custom_1464363233718{margin-top: -40px !important;border-top-width: 0px !important;border-bottom-width: 10px !important;padding-top: 15px !important;padding-bottom: 15px !important;background-color: #ffffff !important;}&#8221;] Brazilian fans watching the World Cup at the Tropical Cafe in Framingham, June 2014. Courtesy of the Milford Daily News. [\/vc_column_text][vc_column_text css=&#8221;.vc_custom_1486682432340{padding-right: 30px !important;padding-bottom: 30px !important;padding-left: 30px !important;background-color: #ffffff !important;}&#8221;]In recent years, greater Boston has attracted more Brazilian immigrants than any&hellip;","og_url":"https:\/\/globalboston.bc.edu\/index.php\/home\/ethnic-groups\/brazilians\/","og_site_name":"Global Boston","article_publisher":"https:\/\/www.facebook.com\/GlobalBostonHistory\/","article_modified_time":"2023-12-21T17:57:05+00:00","og_image":[{"width":2000,"height":1276,"url":"http:\/\/globalboston.bc.edu\/wp-content\/uploads\/2016\/05\/PH-617009985.jpg","type":"image\/jpeg"}],"twitter_card":"summary_large_image","twitter_site":"@johnsohi","twitter_misc":{"Est. reading time":"5 minutes"},"schema":{"@context":"https:\/\/schema.org","@graph":[{"@type":"WebPage","@id":"https:\/\/globalboston.bc.edu\/index.php\/home\/ethnic-groups\/brazilians\/","url":"https:\/\/globalboston.bc.edu\/index.php\/home\/ethnic-groups\/brazilians\/","name":"Brazilians - Global Boston","isPartOf":{"@id":"https:\/\/globalboston.bc.edu\/#website"},"primaryImageOfPage":{"@id":"https:\/\/globalboston.bc.edu\/index.php\/home\/ethnic-groups\/brazilians\/#primaryimage"},"image":{"@id":"https:\/\/globalboston.bc.edu\/index.php\/home\/ethnic-groups\/brazilians\/#primaryimage"},"thumbnailUrl":"https:\/\/globalboston.bc.edu\/wp-content\/uploads\/2016\/05\/PH-617009985.jpg","datePublished":"2016-05-27T14:11:50+00:00","dateModified":"2023-12-21T17:57:05+00:00","breadcrumb":{"@id":"https:\/\/globalboston.bc.edu\/index.php\/home\/ethnic-groups\/brazilians\/#breadcrumb"},"inLanguage":"en-US","potentialAction":[{"@type":"ReadAction","target":["https:\/\/globalboston.bc.edu\/index.php\/home\/ethnic-groups\/brazilians\/"]}]},{"@type":"ImageObject","inLanguage":"en-US","@id":"https:\/\/globalboston.bc.edu\/index.php\/home\/ethnic-groups\/brazilians\/#primaryimage","url":"https:\/\/globalboston.bc.edu\/wp-content\/uploads\/2016\/05\/PH-617009985.jpg","contentUrl":"https:\/\/globalboston.bc.edu\/wp-content\/uploads\/2016\/05\/PH-617009985.jpg","width":2000,"height":1276,"caption":"Brazilian fans watching the World Cup playoffs in the Tropical Cafe in Framingham, 2014. Courtesy of the Milford Daily News."},{"@type":"BreadcrumbList","@id":"https:\/\/globalboston.bc.edu\/index.php\/home\/ethnic-groups\/brazilians\/#breadcrumb","itemListElement":[{"@type":"ListItem","position":1,"name":"Home","item":"https:\/\/globalboston.bc.edu\/"},{"@type":"ListItem","position":2,"name":"Ethnic Groups","item":"https:\/\/globalboston.bc.edu\/index.php\/home\/ethnic-groups\/"},{"@type":"ListItem","position":3,"name":"Brazilians"}]},{"@type":"WebSite","@id":"https:\/\/globalboston.bc.edu\/#website","url":"https:\/\/globalboston.bc.edu\/","name":"Global Boston","description":"","publisher":{"@id":"https:\/\/globalboston.bc.edu\/#organization"},"potentialAction":[{"@type":"SearchAction","target":{"@type":"EntryPoint","urlTemplate":"https:\/\/globalboston.bc.edu\/?s={search_term_string}"},"query-input":{"@type":"PropertyValueSpecification","valueRequired":true,"valueName":"search_term_string"}}],"inLanguage":"en-US"},{"@type":"Organization","@id":"https:\/\/globalboston.bc.edu\/#organization","name":"Global Boston","url":"https:\/\/globalboston.bc.edu\/","logo":{"@type":"ImageObject","inLanguage":"en-US","@id":"https:\/\/globalboston.bc.edu\/#\/schema\/logo\/image\/","url":"https:\/\/globalboston.bc.edu\/wp-content\/uploads\/2025\/02\/06_01_012688_edited-1.jpg","contentUrl":"https:\/\/globalboston.bc.edu\/wp-content\/uploads\/2025\/02\/06_01_012688_edited-1.jpg","width":1956,"height":900,"caption":"Global Boston"},"image":{"@id":"https:\/\/globalboston.bc.edu\/#\/schema\/logo\/image\/"},"sameAs":["https:\/\/www.facebook.com\/GlobalBostonHistory\/","https:\/\/x.com\/johnsohi"]}]}},"_links":{"self":[{"href":"https:\/\/globalboston.bc.edu\/index.php\/wp-json\/wp\/v2\/pages\/446","targetHints":{"allow":["GET"]}}],"collection":[{"href":"https:\/\/globalboston.bc.edu\/index.php\/wp-json\/wp\/v2\/pages"}],"about":[{"href":"https:\/\/globalboston.bc.edu\/index.php\/wp-json\/wp\/v2\/types\/page"}],"author":[{"embeddable":true,"href":"https:\/\/globalboston.bc.edu\/index.php\/wp-json\/wp\/v2\/users\/4"}],"replies":[{"embeddable":true,"href":"https:\/\/globalboston.bc.edu\/index.php\/wp-json\/wp\/v2\/comments?post=446"}],"version-history":[{"count":16,"href":"https:\/\/globalboston.bc.edu\/index.php\/wp-json\/wp\/v2\/pages\/446\/revisions"}],"predecessor-version":[{"id":22760,"href":"https:\/\/globalboston.bc.edu\/index.php\/wp-json\/wp\/v2\/pages\/446\/revisions\/22760"}],"up":[{"embeddable":true,"href":"https:\/\/globalboston.bc.edu\/index.php\/wp-json\/wp\/v2\/pages\/151"}],"wp:featuredmedia":[{"embeddable":true,"href":"https:\/\/globalboston.bc.edu\/index.php\/wp-json\/wp\/v2\/media\/454"}],"wp:attachment":[{"href":"https:\/\/globalboston.bc.edu\/index.php\/wp-json\/wp\/v2\/media?parent=446"}],"wp:term":[{"taxonomy":"category","embeddable":true,"href":"https:\/\/globalboston.bc.edu\/index.php\/wp-json\/wp\/v2\/categories?post=446"},{"taxonomy":"post_tag","embeddable":true,"href":"https:\/\/globalboston.bc.edu\/index.php\/wp-json\/wp\/v2\/tags?post=446"}],"curies":[{"name":"wp","href":"https:\/\/api.w.org\/{rel}","templated":true}]}}